{"id":1974,"date":"2024-07-18T10:41:09","date_gmt":"2024-07-18T14:41:09","guid":{"rendered":"https:\/\/lagoonseafood.com\/product\/3-cm-10-x-1-kg-steak-de-pangasius-delevage-surgele-vietnam\/"},"modified":"2024-08-07T13:43:08","modified_gmt":"2024-08-07T17:43:08","slug":"3-cm-10-x-1-kg-steak-de-pangasius-delevage-surgele-vietnam","status":"publish","type":"product","link":"https:\/\/lagoonseafood.com\/fr\/produit\/3-cm-10-x-1-kg-steak-de-pangasius-delevage-surgele-vietnam\/","title":{"rendered":"3+ cm, 10 x 1 kg Steak de pangasius d&rsquo;\u00e9levage, surgel\u00e9, Vietnam"},"content":{"rendered":"<p>Savourez la richesse et la saveur du Vietnam avec notre steak de pangasius d&rsquo;\u00e9levage surgel\u00e9. S\u00e9lectionn\u00e9 avec soin dans des fermes responsables, chaque steak t\u00e9moigne de notre engagement envers la durabilit\u00e9 et la qualit\u00e9. Emball\u00e9s s\u00e9par\u00e9ment pour pr\u00e9server la fra\u00eecheur, nos steaks sont parfaits pour cr\u00e9er des repas inoubliables qui c\u00e9l\u00e8brent la richesse des eaux vietnamiennes.<\/p>\n","protected":false},"excerpt":{"rendered":"<p>6014<\/p>\n","protected":false},"author":2,"featured_media":2327,"parent":0,"template":"","meta":{"_acf_changed":false,"inline_featured_image":false},"product-category":[116],"state":[124],"specie":[78],"brand":[72],"new-arrival":[],"segment":[125,126],"class_list":["post-1974","product","type-product","status-publish","has-post-thumbnail","hentry","product-category-filets-de-poisson-blanc","state-surgele","specie-pangasius","brand-blue-tide-fr","segment-service-alimentaire","segment-vente-au-detail"],"acf":[],"_links":{"self":[{"href":"https:\/\/lagoonseafood.com\/fr\/wp-json\/wp\/v2\/product\/1974","targetHints":{"allow":["GET"]}}],"collection":[{"href":"https:\/\/lagoonseafood.com\/fr\/wp-json\/wp\/v2\/product"}],"about":[{"href":"https:\/\/lagoonseafood.com\/fr\/wp-json\/wp\/v2\/types\/product"}],"author":[{"embeddable":true,"href":"https:\/\/lagoonseafood.com\/fr\/wp-json\/wp\/v2\/users\/2"}],"version-history":[{"count":1,"href":"https:\/\/lagoonseafood.com\/fr\/wp-json\/wp\/v2\/product\/1974\/revisions"}],"predecessor-version":[{"id":4631,"href":"https:\/\/lagoonseafood.com\/fr\/wp-json\/wp\/v2\/product\/1974\/revisions\/4631"}],"wp:featuredmedia":[{"embeddable":true,"href":"https:\/\/lagoonseafood.com\/fr\/wp-json\/wp\/v2\/media\/2327"}],"wp:attachment":[{"href":"https:\/\/lagoonseafood.com\/fr\/wp-json\/wp\/v2\/media?parent=1974"}],"wp:term":[{"taxonomy":"product-category","embeddable":true,"href":"https:\/\/lagoonseafood.com\/fr\/wp-json\/wp\/v2\/product-category?post=1974"},{"taxonomy":"state","embeddable":true,"href":"https:\/\/lagoonseafood.com\/fr\/wp-json\/wp\/v2\/state?post=1974"},{"taxonomy":"specie","embeddable":true,"href":"https:\/\/lagoonseafood.com\/fr\/wp-json\/wp\/v2\/specie?post=1974"},{"taxonomy":"brand","embeddable":true,"href":"https:\/\/lagoonseafood.com\/fr\/wp-json\/wp\/v2\/brand?post=1974"},{"taxonomy":"new-arrival","embeddable":true,"href":"https:\/\/lagoonseafood.com\/fr\/wp-json\/wp\/v2\/new-arrival?post=1974"},{"taxonomy":"segment","embeddable":true,"href":"https:\/\/lagoonseafood.com\/fr\/wp-json\/wp\/v2\/segment?post=1974"}],"curies":[{"name":"wp","href":"https:\/\/api.w.org\/{rel}","templated":true}]}}