{"id":1983,"date":"2024-07-18T10:41:20","date_gmt":"2024-07-18T14:41:20","guid":{"rendered":"https:\/\/lagoonseafood.com\/product\/41-50-5-x-907-g-crevettes-blanches-delevage-decortiquees-et-deveinees-avec-queue-cuites-surgelees-individuellement-inde\/"},"modified":"2024-08-07T13:25:15","modified_gmt":"2024-08-07T17:25:15","slug":"41-50-5-x-907-g-crevettes-blanches-delevage-decortiquees-et-deveinees-avec-queue-cuites-surgelees-individuellement-inde","status":"publish","type":"product","link":"https:\/\/lagoonseafood.com\/fr\/produit\/41-50-5-x-907-g-crevettes-blanches-delevage-decortiquees-et-deveinees-avec-queue-cuites-surgelees-individuellement-inde\/","title":{"rendered":"41\/50, 5 x 907 g Crevettes blanches d&rsquo;\u00e9levage, d\u00e9cortiqu\u00e9es et d\u00e9vein\u00e9es, avec queue, cuites, surgel\u00e9es individuellement, Inde"},"content":{"rendered":"<p>\u00c9levez votre r\u00e9pertoire culinaire avec nos crevettes blanches d&rsquo;\u00e9levage surgel\u00e9es, issues des eaux vibrantes de l&rsquo;Inde et cuites \u00e0 la perfection. Chaque crevette, soigneusement d\u00e9cortiqu\u00e9e et d\u00e9vein\u00e9e, avec queue, promet commodit\u00e9 sans compromis sur la qualit\u00e9. Surgel\u00e9es s\u00e9par\u00e9ment (S.S.) pour pr\u00e9server la fra\u00eecheur, nos crevettes sont pr\u00eates \u00e0 sublimer n&rsquo;importe quel plat, apportant une touche de d\u00e9lice c\u00f4tier directement \u00e0 votre assiette.<\/p>\n","protected":false},"excerpt":{"rendered":"<p>92393<\/p>\n","protected":false},"author":2,"featured_media":2403,"parent":0,"template":"","meta":{"_acf_changed":false,"inline_featured_image":false},"product-category":[117],"state":[124],"specie":[97],"brand":[72],"new-arrival":[],"segment":[126],"class_list":["post-1983","product","type-product","status-publish","has-post-thumbnail","hentry","product-category-crustace","state-surgele","specie-crevette-blanche","brand-blue-tide-fr","segment-vente-au-detail"],"acf":[],"_links":{"self":[{"href":"https:\/\/lagoonseafood.com\/fr\/wp-json\/wp\/v2\/product\/1983","targetHints":{"allow":["GET"]}}],"collection":[{"href":"https:\/\/lagoonseafood.com\/fr\/wp-json\/wp\/v2\/product"}],"about":[{"href":"https:\/\/lagoonseafood.com\/fr\/wp-json\/wp\/v2\/types\/product"}],"author":[{"embeddable":true,"href":"https:\/\/lagoonseafood.com\/fr\/wp-json\/wp\/v2\/users\/2"}],"version-history":[{"count":1,"href":"https:\/\/lagoonseafood.com\/fr\/wp-json\/wp\/v2\/product\/1983\/revisions"}],"predecessor-version":[{"id":4606,"href":"https:\/\/lagoonseafood.com\/fr\/wp-json\/wp\/v2\/product\/1983\/revisions\/4606"}],"wp:featuredmedia":[{"embeddable":true,"href":"https:\/\/lagoonseafood.com\/fr\/wp-json\/wp\/v2\/media\/2403"}],"wp:attachment":[{"href":"https:\/\/lagoonseafood.com\/fr\/wp-json\/wp\/v2\/media?parent=1983"}],"wp:term":[{"taxonomy":"product-category","embeddable":true,"href":"https:\/\/lagoonseafood.com\/fr\/wp-json\/wp\/v2\/product-category?post=1983"},{"taxonomy":"state","embeddable":true,"href":"https:\/\/lagoonseafood.com\/fr\/wp-json\/wp\/v2\/state?post=1983"},{"taxonomy":"specie","embeddable":true,"href":"https:\/\/lagoonseafood.com\/fr\/wp-json\/wp\/v2\/specie?post=1983"},{"taxonomy":"brand","embeddable":true,"href":"https:\/\/lagoonseafood.com\/fr\/wp-json\/wp\/v2\/brand?post=1983"},{"taxonomy":"new-arrival","embeddable":true,"href":"https:\/\/lagoonseafood.com\/fr\/wp-json\/wp\/v2\/new-arrival?post=1983"},{"taxonomy":"segment","embeddable":true,"href":"https:\/\/lagoonseafood.com\/fr\/wp-json\/wp\/v2\/segment?post=1983"}],"curies":[{"name":"wp","href":"https:\/\/api.w.org\/{rel}","templated":true}]}}