{"id":2007,"date":"2024-07-18T10:41:26","date_gmt":"2024-07-18T14:41:26","guid":{"rendered":"https:\/\/lagoonseafood.com\/product\/16-20-5-x-907-g-crevettes-tigrees-delevage-decortiquees-et-deveinees-avec-queue-cuites-surgelees-individuellement-vietnam\/"},"modified":"2024-08-07T13:02:51","modified_gmt":"2024-08-07T17:02:51","slug":"16-20-5-x-907-g-crevettes-tigrees-delevage-decortiquees-et-deveinees-avec-queue-cuites-surgelees-individuellement-vietnam","status":"publish","type":"product","link":"https:\/\/lagoonseafood.com\/fr\/produit\/16-20-5-x-907-g-crevettes-tigrees-delevage-decortiquees-et-deveinees-avec-queue-cuites-surgelees-individuellement-vietnam\/","title":{"rendered":"16\/20, 5 x 907 g Crevettes tigr\u00e9es d&rsquo;\u00e9levage, d\u00e9cortiqu\u00e9es et d\u00e9vein\u00e9es, avec queue, cuites, surgel\u00e9es individuellement, Vietnam"},"content":{"rendered":"<p>Transportez vos papilles vers les c\u00f4tes vibrantes du Vietnam avec nos crevettes tigr\u00e9es d&rsquo;\u00e9levage surgel\u00e9es, cuites \u00e0 la perfection et soigneusement pr\u00e9par\u00e9es avec les queues intactes. Surgel\u00e9es s\u00e9par\u00e9ment pour une fra\u00eecheur optimale, ces crevettes succulentes promettent une aventure culinaire in\u00e9gal\u00e9e. \u00c9levez votre exp\u00e9rience gastronomique avec les saveurs audacieuses et la qualit\u00e9 sup\u00e9rieure des crevettes renomm\u00e9es du Vietnam, pr\u00eates \u00e0 ravir \u00e0 chaque bouch\u00e9e.<\/p>\n","protected":false},"excerpt":{"rendered":"<p>92021<\/p>\n","protected":false},"author":2,"featured_media":2693,"parent":0,"template":"","meta":{"_acf_changed":false,"inline_featured_image":false},"product-category":[117],"state":[124],"specie":[79],"brand":[72],"new-arrival":[],"segment":[126],"class_list":["post-2007","product","type-product","status-publish","has-post-thumbnail","hentry","product-category-crustace","state-surgele","specie-crevette-tigree-noire","brand-blue-tide-fr","segment-vente-au-detail"],"acf":[],"_links":{"self":[{"href":"https:\/\/lagoonseafood.com\/fr\/wp-json\/wp\/v2\/product\/2007","targetHints":{"allow":["GET"]}}],"collection":[{"href":"https:\/\/lagoonseafood.com\/fr\/wp-json\/wp\/v2\/product"}],"about":[{"href":"https:\/\/lagoonseafood.com\/fr\/wp-json\/wp\/v2\/types\/product"}],"author":[{"embeddable":true,"href":"https:\/\/lagoonseafood.com\/fr\/wp-json\/wp\/v2\/users\/2"}],"version-history":[{"count":1,"href":"https:\/\/lagoonseafood.com\/fr\/wp-json\/wp\/v2\/product\/2007\/revisions"}],"predecessor-version":[{"id":4539,"href":"https:\/\/lagoonseafood.com\/fr\/wp-json\/wp\/v2\/product\/2007\/revisions\/4539"}],"wp:featuredmedia":[{"embeddable":true,"href":"https:\/\/lagoonseafood.com\/fr\/wp-json\/wp\/v2\/media\/2693"}],"wp:attachment":[{"href":"https:\/\/lagoonseafood.com\/fr\/wp-json\/wp\/v2\/media?parent=2007"}],"wp:term":[{"taxonomy":"product-category","embeddable":true,"href":"https:\/\/lagoonseafood.com\/fr\/wp-json\/wp\/v2\/product-category?post=2007"},{"taxonomy":"state","embeddable":true,"href":"https:\/\/lagoonseafood.com\/fr\/wp-json\/wp\/v2\/state?post=2007"},{"taxonomy":"specie","embeddable":true,"href":"https:\/\/lagoonseafood.com\/fr\/wp-json\/wp\/v2\/specie?post=2007"},{"taxonomy":"brand","embeddable":true,"href":"https:\/\/lagoonseafood.com\/fr\/wp-json\/wp\/v2\/brand?post=2007"},{"taxonomy":"new-arrival","embeddable":true,"href":"https:\/\/lagoonseafood.com\/fr\/wp-json\/wp\/v2\/new-arrival?post=2007"},{"taxonomy":"segment","embeddable":true,"href":"https:\/\/lagoonseafood.com\/fr\/wp-json\/wp\/v2\/segment?post=2007"}],"curies":[{"name":"wp","href":"https:\/\/api.w.org\/{rel}","templated":true}]}}