{"id":2026,"date":"2024-07-18T10:41:28","date_gmt":"2024-07-18T14:41:28","guid":{"rendered":"https:\/\/lagoonseafood.com\/product\/250-350-2-x-227-kg-crevettes-sauvages-deau-froide-decortiquees-cuites-surgelees-individuellement\/"},"modified":"2024-08-07T13:22:37","modified_gmt":"2024-08-07T17:22:37","slug":"250-350-2-x-227-kg-crevettes-sauvages-deau-froide-decortiquees-cuites-surgelees-individuellement","status":"publish","type":"product","link":"https:\/\/lagoonseafood.com\/fr\/produit\/250-350-2-x-227-kg-crevettes-sauvages-deau-froide-decortiquees-cuites-surgelees-individuellement\/","title":{"rendered":"250\/350, 2 x 2,27 kg Crevettes sauvages d&rsquo;eau froide, d\u00e9cortiqu\u00e9es, cuites, surgel\u00e9es individuellement"},"content":{"rendered":"<p>D\u00e9couvrez les saveurs pures de l&rsquo;oc\u00e9an avec nos crevettes sauvages surgel\u00e9es, provenant d&rsquo;eaux froides et soigneusement cuites et d\u00e9cortiqu\u00e9es pour votre commodit\u00e9. Surgel\u00e9es s\u00e9par\u00e9ment pour pr\u00e9server la fra\u00eecheur, ces crevettes succulentes promettent un d\u00e9lice culinaire \u00e0 chaque bouch\u00e9e. Sublimez vos plats gr\u00e2ce \u00e0 la qualit\u00e9 sup\u00e9rieure et le go\u00fbt authentique des crevettes sauvages, pr\u00eates \u00e0 enchanter vos papilles gustatives.<\/p>\n","protected":false},"excerpt":{"rendered":"<p>92329<\/p>\n","protected":false},"author":2,"featured_media":2900,"parent":0,"template":"","meta":{"_acf_changed":false,"inline_featured_image":false},"product-category":[117],"state":[124],"specie":[82],"brand":[72],"new-arrival":[],"segment":[126],"class_list":["post-2026","product","type-product","status-publish","has-post-thumbnail","hentry","product-category-crustace","state-surgele","specie-crevette-deau-froide","brand-blue-tide-fr","segment-vente-au-detail"],"acf":[],"_links":{"self":[{"href":"https:\/\/lagoonseafood.com\/fr\/wp-json\/wp\/v2\/product\/2026","targetHints":{"allow":["GET"]}}],"collection":[{"href":"https:\/\/lagoonseafood.com\/fr\/wp-json\/wp\/v2\/product"}],"about":[{"href":"https:\/\/lagoonseafood.com\/fr\/wp-json\/wp\/v2\/types\/product"}],"author":[{"embeddable":true,"href":"https:\/\/lagoonseafood.com\/fr\/wp-json\/wp\/v2\/users\/2"}],"version-history":[{"count":1,"href":"https:\/\/lagoonseafood.com\/fr\/wp-json\/wp\/v2\/product\/2026\/revisions"}],"predecessor-version":[{"id":4590,"href":"https:\/\/lagoonseafood.com\/fr\/wp-json\/wp\/v2\/product\/2026\/revisions\/4590"}],"wp:featuredmedia":[{"embeddable":true,"href":"https:\/\/lagoonseafood.com\/fr\/wp-json\/wp\/v2\/media\/2900"}],"wp:attachment":[{"href":"https:\/\/lagoonseafood.com\/fr\/wp-json\/wp\/v2\/media?parent=2026"}],"wp:term":[{"taxonomy":"product-category","embeddable":true,"href":"https:\/\/lagoonseafood.com\/fr\/wp-json\/wp\/v2\/product-category?post=2026"},{"taxonomy":"state","embeddable":true,"href":"https:\/\/lagoonseafood.com\/fr\/wp-json\/wp\/v2\/state?post=2026"},{"taxonomy":"specie","embeddable":true,"href":"https:\/\/lagoonseafood.com\/fr\/wp-json\/wp\/v2\/specie?post=2026"},{"taxonomy":"brand","embeddable":true,"href":"https:\/\/lagoonseafood.com\/fr\/wp-json\/wp\/v2\/brand?post=2026"},{"taxonomy":"new-arrival","embeddable":true,"href":"https:\/\/lagoonseafood.com\/fr\/wp-json\/wp\/v2\/new-arrival?post=2026"},{"taxonomy":"segment","embeddable":true,"href":"https:\/\/lagoonseafood.com\/fr\/wp-json\/wp\/v2\/segment?post=2026"}],"curies":[{"name":"wp","href":"https:\/\/api.w.org\/{rel}","templated":true}]}}