{"id":2028,"date":"2024-07-18T10:41:28","date_gmt":"2024-07-18T14:41:28","guid":{"rendered":"https:\/\/lagoonseafood.com\/product\/8-10-5-kg-filet-de-dore-sauvage-surgele-fwf-canada\/"},"modified":"2024-08-07T13:09:31","modified_gmt":"2024-08-07T17:09:31","slug":"8-10-5-kg-filet-de-dore-sauvage-surgele-fwf-canada","status":"publish","type":"product","link":"https:\/\/lagoonseafood.com\/fr\/produit\/8-10-5-kg-filet-de-dore-sauvage-surgele-fwf-canada\/","title":{"rendered":"8\/10, 5 kg Filet de dor\u00e9 sauvage, surgel\u00e9, FWF, Canada"},"content":{"rendered":"<p>D\u00e9gustez les saveurs exquises des eaux canadiennes avec notre filet de dor\u00e9 jaune sauvage surgel\u00e9, soigneusement sourc\u00e9 et pr\u00e9serv\u00e9 pour capturer l&rsquo;essence d&rsquo;une fra\u00eecheur immacul\u00e9e. Chaque filet, manipul\u00e9 avec soin et surgel\u00e9 s\u00e9par\u00e9ment, promet une exp\u00e9rience culinaire \u00e0 la fois pratique et extraordinaire. Sublimez vos plats gr\u00e2ce \u00e0 la qualit\u00e9 sup\u00e9rieure et le go\u00fbt authentique du dor\u00e9 jaune sauvage, incarnant la richesse des lacs et rivi\u00e8res du Canada.<\/p>\n","protected":false},"excerpt":{"rendered":"<p>35014<\/p>\n","protected":false},"author":2,"featured_media":2922,"parent":0,"template":"","meta":{"_acf_changed":false,"inline_featured_image":false},"product-category":[116],"state":[124],"specie":[108],"brand":[72],"new-arrival":[],"segment":[125],"class_list":["post-2028","product","type-product","status-publish","has-post-thumbnail","hentry","product-category-filets-de-poisson-blanc","state-surgele","specie-dore","brand-blue-tide-fr","segment-service-alimentaire"],"acf":[],"_links":{"self":[{"href":"https:\/\/lagoonseafood.com\/fr\/wp-json\/wp\/v2\/product\/2028","targetHints":{"allow":["GET"]}}],"collection":[{"href":"https:\/\/lagoonseafood.com\/fr\/wp-json\/wp\/v2\/product"}],"about":[{"href":"https:\/\/lagoonseafood.com\/fr\/wp-json\/wp\/v2\/types\/product"}],"author":[{"embeddable":true,"href":"https:\/\/lagoonseafood.com\/fr\/wp-json\/wp\/v2\/users\/2"}],"version-history":[{"count":1,"href":"https:\/\/lagoonseafood.com\/fr\/wp-json\/wp\/v2\/product\/2028\/revisions"}],"predecessor-version":[{"id":4552,"href":"https:\/\/lagoonseafood.com\/fr\/wp-json\/wp\/v2\/product\/2028\/revisions\/4552"}],"wp:featuredmedia":[{"embeddable":true,"href":"https:\/\/lagoonseafood.com\/fr\/wp-json\/wp\/v2\/media\/2922"}],"wp:attachment":[{"href":"https:\/\/lagoonseafood.com\/fr\/wp-json\/wp\/v2\/media?parent=2028"}],"wp:term":[{"taxonomy":"product-category","embeddable":true,"href":"https:\/\/lagoonseafood.com\/fr\/wp-json\/wp\/v2\/product-category?post=2028"},{"taxonomy":"state","embeddable":true,"href":"https:\/\/lagoonseafood.com\/fr\/wp-json\/wp\/v2\/state?post=2028"},{"taxonomy":"specie","embeddable":true,"href":"https:\/\/lagoonseafood.com\/fr\/wp-json\/wp\/v2\/specie?post=2028"},{"taxonomy":"brand","embeddable":true,"href":"https:\/\/lagoonseafood.com\/fr\/wp-json\/wp\/v2\/brand?post=2028"},{"taxonomy":"new-arrival","embeddable":true,"href":"https:\/\/lagoonseafood.com\/fr\/wp-json\/wp\/v2\/new-arrival?post=2028"},{"taxonomy":"segment","embeddable":true,"href":"https:\/\/lagoonseafood.com\/fr\/wp-json\/wp\/v2\/segment?post=2028"}],"curies":[{"name":"wp","href":"https:\/\/api.w.org\/{rel}","templated":true}]}}