{"id":2031,"date":"2024-07-18T10:41:28","date_gmt":"2024-07-18T14:41:28","guid":{"rendered":"https:\/\/lagoonseafood.com\/product\/12-x-907-g-eperlan-sauvage-petit-entier-canada\/"},"modified":"2024-08-07T12:49:03","modified_gmt":"2024-08-07T16:49:03","slug":"12-x-907-g-eperlan-sauvage-petit-entier-canada","status":"publish","type":"product","link":"https:\/\/lagoonseafood.com\/fr\/produit\/12-x-907-g-eperlan-sauvage-petit-entier-canada\/","title":{"rendered":"12 x 907 g \u00c9perlan sauvage, petit, entier, Canada"},"content":{"rendered":"<p>Plongez dans un voyage culinaire avec notre \u00e9perlan sauvage surgel\u00e9, provenant des eaux pures du Canada et conserv\u00e9 pour capturer ses saveurs d\u00e9licates. Chaque petit \u00e9perlan entier est surgel\u00e9 s\u00e9par\u00e9ment, assurant fra\u00eecheur et commodit\u00e9 sans compromis. \u00c9levez votre exp\u00e9rience culinaire gr\u00e2ce au go\u00fbt authentique de l&rsquo;\u00e9perlan sauvage canadien, parfait pour ajouter une touche de charme c\u00f4tier \u00e0 n&rsquo;importe quel plat.<\/p>\n","protected":false},"excerpt":{"rendered":"<p>94002<\/p>\n","protected":false},"author":2,"featured_media":2954,"parent":0,"template":"","meta":{"_acf_changed":false,"inline_featured_image":false},"product-category":[115],"state":[124],"specie":[98],"brand":[72],"new-arrival":[],"segment":[126],"class_list":["post-2031","product","type-product","status-publish","has-post-thumbnail","hentry","product-category-poisson-entier","state-surgele","specie-eperlan","brand-blue-tide-fr","segment-vente-au-detail"],"acf":[],"_links":{"self":[{"href":"https:\/\/lagoonseafood.com\/fr\/wp-json\/wp\/v2\/product\/2031","targetHints":{"allow":["GET"]}}],"collection":[{"href":"https:\/\/lagoonseafood.com\/fr\/wp-json\/wp\/v2\/product"}],"about":[{"href":"https:\/\/lagoonseafood.com\/fr\/wp-json\/wp\/v2\/types\/product"}],"author":[{"embeddable":true,"href":"https:\/\/lagoonseafood.com\/fr\/wp-json\/wp\/v2\/users\/2"}],"version-history":[{"count":1,"href":"https:\/\/lagoonseafood.com\/fr\/wp-json\/wp\/v2\/product\/2031\/revisions"}],"predecessor-version":[{"id":4512,"href":"https:\/\/lagoonseafood.com\/fr\/wp-json\/wp\/v2\/product\/2031\/revisions\/4512"}],"wp:featuredmedia":[{"embeddable":true,"href":"https:\/\/lagoonseafood.com\/fr\/wp-json\/wp\/v2\/media\/2954"}],"wp:attachment":[{"href":"https:\/\/lagoonseafood.com\/fr\/wp-json\/wp\/v2\/media?parent=2031"}],"wp:term":[{"taxonomy":"product-category","embeddable":true,"href":"https:\/\/lagoonseafood.com\/fr\/wp-json\/wp\/v2\/product-category?post=2031"},{"taxonomy":"state","embeddable":true,"href":"https:\/\/lagoonseafood.com\/fr\/wp-json\/wp\/v2\/state?post=2031"},{"taxonomy":"specie","embeddable":true,"href":"https:\/\/lagoonseafood.com\/fr\/wp-json\/wp\/v2\/specie?post=2031"},{"taxonomy":"brand","embeddable":true,"href":"https:\/\/lagoonseafood.com\/fr\/wp-json\/wp\/v2\/brand?post=2031"},{"taxonomy":"new-arrival","embeddable":true,"href":"https:\/\/lagoonseafood.com\/fr\/wp-json\/wp\/v2\/new-arrival?post=2031"},{"taxonomy":"segment","embeddable":true,"href":"https:\/\/lagoonseafood.com\/fr\/wp-json\/wp\/v2\/segment?post=2031"}],"curies":[{"name":"wp","href":"https:\/\/api.w.org\/{rel}","templated":true}]}}