{"id":2034,"date":"2024-07-18T10:41:28","date_gmt":"2024-07-18T14:41:28","guid":{"rendered":"https:\/\/lagoonseafood.com\/product\/20-x-200-g-saumon-delevage-fume-surgele-en-tranches-norvege\/"},"modified":"2024-08-07T13:03:26","modified_gmt":"2024-08-07T17:03:26","slug":"20-x-200-g-saumon-delevage-fume-surgele-en-tranches-norvege","status":"publish","type":"product","link":"https:\/\/lagoonseafood.com\/fr\/produit\/20-x-200-g-saumon-delevage-fume-surgele-en-tranches-norvege\/","title":{"rendered":"20 x 200 g Saumon d&rsquo;\u00e9levage, fum\u00e9, surgel\u00e9, en tranches, Norv\u00e8ge"},"content":{"rendered":"<p>Immergez-vous dans les saveurs luxueuses du patrimoine c\u00f4tier de la Norv\u00e8ge avec notre saumon d&rsquo;\u00e9levage fum\u00e9 surgel\u00e9, d\u00e9licatement tranch\u00e9 pour votre commodit\u00e9. Chaque tranche capture l&rsquo;essence riche et fum\u00e9e du saumon norv\u00e9gien de premi\u00e8re qualit\u00e9, offrant un go\u00fbt d&rsquo;excellence culinaire \u00e0 chaque bouch\u00e9e. \u00c9levez votre exp\u00e9rience culinaire gr\u00e2ce \u00e0 la qualit\u00e9 in\u00e9gal\u00e9e et la saveur exquise de notre saumon fum\u00e9, pr\u00eat \u00e0 rehausser n&rsquo;importe quel plat gr\u00e2ce \u00e0 son go\u00fbt distinctif.<\/p>\n","protected":false},"excerpt":{"rendered":"<p>84222<\/p>\n","protected":false},"author":2,"featured_media":2983,"parent":0,"template":"","meta":{"_acf_changed":false,"inline_featured_image":false},"product-category":[119],"state":[124],"specie":[91],"brand":[73],"new-arrival":[],"segment":[126],"class_list":["post-2034","product","type-product","status-publish","has-post-thumbnail","hentry","product-category-fume","state-surgele","specie-saumon","brand-royal-harbour-fr","segment-vente-au-detail"],"acf":[],"_links":{"self":[{"href":"https:\/\/lagoonseafood.com\/fr\/wp-json\/wp\/v2\/product\/2034","targetHints":{"allow":["GET"]}}],"collection":[{"href":"https:\/\/lagoonseafood.com\/fr\/wp-json\/wp\/v2\/product"}],"about":[{"href":"https:\/\/lagoonseafood.com\/fr\/wp-json\/wp\/v2\/types\/product"}],"author":[{"embeddable":true,"href":"https:\/\/lagoonseafood.com\/fr\/wp-json\/wp\/v2\/users\/2"}],"version-history":[{"count":1,"href":"https:\/\/lagoonseafood.com\/fr\/wp-json\/wp\/v2\/product\/2034\/revisions"}],"predecessor-version":[{"id":4549,"href":"https:\/\/lagoonseafood.com\/fr\/wp-json\/wp\/v2\/product\/2034\/revisions\/4549"}],"wp:featuredmedia":[{"embeddable":true,"href":"https:\/\/lagoonseafood.com\/fr\/wp-json\/wp\/v2\/media\/2983"}],"wp:attachment":[{"href":"https:\/\/lagoonseafood.com\/fr\/wp-json\/wp\/v2\/media?parent=2034"}],"wp:term":[{"taxonomy":"product-category","embeddable":true,"href":"https:\/\/lagoonseafood.com\/fr\/wp-json\/wp\/v2\/product-category?post=2034"},{"taxonomy":"state","embeddable":true,"href":"https:\/\/lagoonseafood.com\/fr\/wp-json\/wp\/v2\/state?post=2034"},{"taxonomy":"specie","embeddable":true,"href":"https:\/\/lagoonseafood.com\/fr\/wp-json\/wp\/v2\/specie?post=2034"},{"taxonomy":"brand","embeddable":true,"href":"https:\/\/lagoonseafood.com\/fr\/wp-json\/wp\/v2\/brand?post=2034"},{"taxonomy":"new-arrival","embeddable":true,"href":"https:\/\/lagoonseafood.com\/fr\/wp-json\/wp\/v2\/new-arrival?post=2034"},{"taxonomy":"segment","embeddable":true,"href":"https:\/\/lagoonseafood.com\/fr\/wp-json\/wp\/v2\/segment?post=2034"}],"curies":[{"name":"wp","href":"https:\/\/api.w.org\/{rel}","templated":true}]}}