{"id":2035,"date":"2024-07-18T10:41:28","date_gmt":"2024-07-18T14:41:28","guid":{"rendered":"https:\/\/lagoonseafood.com\/product\/20-x-150-g-saumon-fume-surgele-avec-melange-de-piments-forts-fumes-norvege\/"},"modified":"2024-08-07T13:03:23","modified_gmt":"2024-08-07T17:03:23","slug":"20-x-150-g-saumon-fume-surgele-avec-melange-de-piments-forts-fumes-norvege","status":"publish","type":"product","link":"https:\/\/lagoonseafood.com\/fr\/produit\/20-x-150-g-saumon-fume-surgele-avec-melange-de-piments-forts-fumes-norvege\/","title":{"rendered":"20 x 150 g Saumon, fum\u00e9, surgel\u00e9, avec m\u00e9lange de piments forts fum\u00e9s, Norv\u00e8ge"},"content":{"rendered":"<p>Laissez-vous tenter par la fusion ardente des saveurs de notre saumon fum\u00e9 surgel\u00e9, fum\u00e9 \u00e0 chaud avec un m\u00e9lange de piments envo\u00fbtant des eaux c\u00f4ti\u00e8res de la Norv\u00e8ge. Chaque tranche incarne l&rsquo;\u00e9quilibre parfait entre fum\u00e9 et \u00e9pic\u00e9, promettant une aventure culinaire qui \u00e9veille les sens. \u00c9levez votre exp\u00e9rience culinaire gr\u00e2ce \u00e0 la qualit\u00e9 sup\u00e9rieure et au go\u00fbt audacieux de notre saumon fum\u00e9 \u00e0 chaud, pr\u00eat \u00e0 ajouter une touche de piquant \u00e0 n&rsquo;importe quel plat.<\/p>\n","protected":false},"excerpt":{"rendered":"<p>84284<\/p>\n","protected":false},"author":2,"featured_media":2991,"parent":0,"template":"","meta":{"_acf_changed":false,"inline_featured_image":false},"product-category":[119],"state":[124],"specie":[91],"brand":[72],"new-arrival":[],"segment":[126],"class_list":["post-2035","product","type-product","status-publish","has-post-thumbnail","hentry","product-category-fume","state-surgele","specie-saumon","brand-blue-tide-fr","segment-vente-au-detail"],"acf":[],"_links":{"self":[{"href":"https:\/\/lagoonseafood.com\/fr\/wp-json\/wp\/v2\/product\/2035","targetHints":{"allow":["GET"]}}],"collection":[{"href":"https:\/\/lagoonseafood.com\/fr\/wp-json\/wp\/v2\/product"}],"about":[{"href":"https:\/\/lagoonseafood.com\/fr\/wp-json\/wp\/v2\/types\/product"}],"author":[{"embeddable":true,"href":"https:\/\/lagoonseafood.com\/fr\/wp-json\/wp\/v2\/users\/2"}],"version-history":[{"count":1,"href":"https:\/\/lagoonseafood.com\/fr\/wp-json\/wp\/v2\/product\/2035\/revisions"}],"predecessor-version":[{"id":4548,"href":"https:\/\/lagoonseafood.com\/fr\/wp-json\/wp\/v2\/product\/2035\/revisions\/4548"}],"wp:featuredmedia":[{"embeddable":true,"href":"https:\/\/lagoonseafood.com\/fr\/wp-json\/wp\/v2\/media\/2991"}],"wp:attachment":[{"href":"https:\/\/lagoonseafood.com\/fr\/wp-json\/wp\/v2\/media?parent=2035"}],"wp:term":[{"taxonomy":"product-category","embeddable":true,"href":"https:\/\/lagoonseafood.com\/fr\/wp-json\/wp\/v2\/product-category?post=2035"},{"taxonomy":"state","embeddable":true,"href":"https:\/\/lagoonseafood.com\/fr\/wp-json\/wp\/v2\/state?post=2035"},{"taxonomy":"specie","embeddable":true,"href":"https:\/\/lagoonseafood.com\/fr\/wp-json\/wp\/v2\/specie?post=2035"},{"taxonomy":"brand","embeddable":true,"href":"https:\/\/lagoonseafood.com\/fr\/wp-json\/wp\/v2\/brand?post=2035"},{"taxonomy":"new-arrival","embeddable":true,"href":"https:\/\/lagoonseafood.com\/fr\/wp-json\/wp\/v2\/new-arrival?post=2035"},{"taxonomy":"segment","embeddable":true,"href":"https:\/\/lagoonseafood.com\/fr\/wp-json\/wp\/v2\/segment?post=2035"}],"curies":[{"name":"wp","href":"https:\/\/api.w.org\/{rel}","templated":true}]}}