{"id":2038,"date":"2024-07-18T10:41:28","date_gmt":"2024-07-18T14:41:28","guid":{"rendered":"https:\/\/lagoonseafood.com\/product\/4-5-oz-454-kg-queue-dhomard-sauvage-surgelee-canada\/"},"modified":"2024-08-07T13:42:09","modified_gmt":"2024-08-07T17:42:09","slug":"4-5-oz-454-kg-queue-dhomard-sauvage-surgelee-canada","status":"publish","type":"product","link":"https:\/\/lagoonseafood.com\/fr\/produit\/4-5-oz-454-kg-queue-dhomard-sauvage-surgelee-canada\/","title":{"rendered":"4\/5 oz, 4,54 kg Queue d&rsquo;homard sauvage, surgel\u00e9e, Canada"},"content":{"rendered":"<p>Laissez-vous tenter par le luxe d\u00e9cadent des richesses c\u00f4ti\u00e8res du Canada avec nos queues de homard sauvage surgel\u00e9es, r\u00e9colt\u00e9es dans des eaux pures et conserv\u00e9es \u00e0 la perfection. Chaque queue, soigneusement manipul\u00e9e et surgel\u00e9e s\u00e9par\u00e9ment, assure une fra\u00eecheur et une saveur ultimes. \u00c9levez votre exp\u00e9rience culinaire gr\u00e2ce \u00e0 la qualit\u00e9 sup\u00e9rieure et au go\u00fbt exquis du homard sauvage, pr\u00eat \u00e0 transformer n&rsquo;importe quel plat en une cr\u00e9ation gastronomique.<\/p>\n","protected":false},"excerpt":{"rendered":"<p>57042<\/p>\n","protected":false},"author":2,"featured_media":3025,"parent":0,"template":"","meta":{"_acf_changed":false,"inline_featured_image":false},"product-category":[117],"state":[124],"specie":[86],"brand":[72],"new-arrival":[],"segment":[125],"class_list":["post-2038","product","type-product","status-publish","has-post-thumbnail","hentry","product-category-crustace","state-surgele","specie-homard","brand-blue-tide-fr","segment-service-alimentaire"],"acf":[],"_links":{"self":[{"href":"https:\/\/lagoonseafood.com\/fr\/wp-json\/wp\/v2\/product\/2038","targetHints":{"allow":["GET"]}}],"collection":[{"href":"https:\/\/lagoonseafood.com\/fr\/wp-json\/wp\/v2\/product"}],"about":[{"href":"https:\/\/lagoonseafood.com\/fr\/wp-json\/wp\/v2\/types\/product"}],"author":[{"embeddable":true,"href":"https:\/\/lagoonseafood.com\/fr\/wp-json\/wp\/v2\/users\/2"}],"version-history":[{"count":1,"href":"https:\/\/lagoonseafood.com\/fr\/wp-json\/wp\/v2\/product\/2038\/revisions"}],"predecessor-version":[{"id":4615,"href":"https:\/\/lagoonseafood.com\/fr\/wp-json\/wp\/v2\/product\/2038\/revisions\/4615"}],"wp:featuredmedia":[{"embeddable":true,"href":"https:\/\/lagoonseafood.com\/fr\/wp-json\/wp\/v2\/media\/3025"}],"wp:attachment":[{"href":"https:\/\/lagoonseafood.com\/fr\/wp-json\/wp\/v2\/media?parent=2038"}],"wp:term":[{"taxonomy":"product-category","embeddable":true,"href":"https:\/\/lagoonseafood.com\/fr\/wp-json\/wp\/v2\/product-category?post=2038"},{"taxonomy":"state","embeddable":true,"href":"https:\/\/lagoonseafood.com\/fr\/wp-json\/wp\/v2\/state?post=2038"},{"taxonomy":"specie","embeddable":true,"href":"https:\/\/lagoonseafood.com\/fr\/wp-json\/wp\/v2\/specie?post=2038"},{"taxonomy":"brand","embeddable":true,"href":"https:\/\/lagoonseafood.com\/fr\/wp-json\/wp\/v2\/brand?post=2038"},{"taxonomy":"new-arrival","embeddable":true,"href":"https:\/\/lagoonseafood.com\/fr\/wp-json\/wp\/v2\/new-arrival?post=2038"},{"taxonomy":"segment","embeddable":true,"href":"https:\/\/lagoonseafood.com\/fr\/wp-json\/wp\/v2\/segment?post=2038"}],"curies":[{"name":"wp","href":"https:\/\/api.w.org\/{rel}","templated":true}]}}