{"id":2039,"date":"2024-07-18T10:41:28","date_gmt":"2024-07-18T14:41:28","guid":{"rendered":"https:\/\/lagoonseafood.com\/product\/550-700-g-454-kg-homard-sauvage-entier-cuit-surgele-canada\/"},"modified":"2024-08-07T13:12:44","modified_gmt":"2024-08-07T17:12:44","slug":"550-700-g-454-kg-homard-sauvage-entier-cuit-surgele-canada","status":"publish","type":"product","link":"https:\/\/lagoonseafood.com\/fr\/produit\/550-700-g-454-kg-homard-sauvage-entier-cuit-surgele-canada\/","title":{"rendered":"550\/700 g, 4,54 kg Homard sauvage, entier, cuit, surgel\u00e9, Canada"},"content":{"rendered":"<p>D\u00e9gustez l&rsquo;essence d\u00e9cadente des eaux c\u00f4ti\u00e8res du Canada avec notre homard sauvage entier surgel\u00e9, cuit \u00e0 la perfection. Chaque homard pr\u00e9par\u00e9 m\u00e9ticuleusement capture les saveurs riches de la mer, offrant une d\u00e9lectation culinaire \u00e0 la fois pratique et indulgente. \u00c9levez votre exp\u00e9rience culinaire gr\u00e2ce \u00e0 la qualit\u00e9 sup\u00e9rieure et au go\u00fbt exquis du homard sauvage, incarnant l&rsquo;essence du luxe des c\u00f4tes pr\u00e9serv\u00e9es du Canada.<\/p>\n","protected":false},"excerpt":{"rendered":"<p>57076<\/p>\n","protected":false},"author":2,"featured_media":3035,"parent":0,"template":"","meta":{"_acf_changed":false,"inline_featured_image":false},"product-category":[117],"state":[124],"specie":[86],"brand":[72],"new-arrival":[],"segment":[125],"class_list":["post-2039","product","type-product","status-publish","has-post-thumbnail","hentry","product-category-crustace","state-surgele","specie-homard","brand-blue-tide-fr","segment-service-alimentaire"],"acf":[],"_links":{"self":[{"href":"https:\/\/lagoonseafood.com\/fr\/wp-json\/wp\/v2\/product\/2039","targetHints":{"allow":["GET"]}}],"collection":[{"href":"https:\/\/lagoonseafood.com\/fr\/wp-json\/wp\/v2\/product"}],"about":[{"href":"https:\/\/lagoonseafood.com\/fr\/wp-json\/wp\/v2\/types\/product"}],"author":[{"embeddable":true,"href":"https:\/\/lagoonseafood.com\/fr\/wp-json\/wp\/v2\/users\/2"}],"version-history":[{"count":1,"href":"https:\/\/lagoonseafood.com\/fr\/wp-json\/wp\/v2\/product\/2039\/revisions"}],"predecessor-version":[{"id":4581,"href":"https:\/\/lagoonseafood.com\/fr\/wp-json\/wp\/v2\/product\/2039\/revisions\/4581"}],"wp:featuredmedia":[{"embeddable":true,"href":"https:\/\/lagoonseafood.com\/fr\/wp-json\/wp\/v2\/media\/3035"}],"wp:attachment":[{"href":"https:\/\/lagoonseafood.com\/fr\/wp-json\/wp\/v2\/media?parent=2039"}],"wp:term":[{"taxonomy":"product-category","embeddable":true,"href":"https:\/\/lagoonseafood.com\/fr\/wp-json\/wp\/v2\/product-category?post=2039"},{"taxonomy":"state","embeddable":true,"href":"https:\/\/lagoonseafood.com\/fr\/wp-json\/wp\/v2\/state?post=2039"},{"taxonomy":"specie","embeddable":true,"href":"https:\/\/lagoonseafood.com\/fr\/wp-json\/wp\/v2\/specie?post=2039"},{"taxonomy":"brand","embeddable":true,"href":"https:\/\/lagoonseafood.com\/fr\/wp-json\/wp\/v2\/brand?post=2039"},{"taxonomy":"new-arrival","embeddable":true,"href":"https:\/\/lagoonseafood.com\/fr\/wp-json\/wp\/v2\/new-arrival?post=2039"},{"taxonomy":"segment","embeddable":true,"href":"https:\/\/lagoonseafood.com\/fr\/wp-json\/wp\/v2\/segment?post=2039"}],"curies":[{"name":"wp","href":"https:\/\/api.w.org\/{rel}","templated":true}]}}