{"id":2040,"date":"2024-07-18T10:41:28","date_gmt":"2024-07-18T14:41:28","guid":{"rendered":"https:\/\/lagoonseafood.com\/product\/400-600-g-10-kg-maquereau-sauvage-surgele-emballe-en-couches-sans-additifs-norvege\/"},"modified":"2024-08-12T15:20:09","modified_gmt":"2024-08-12T19:20:09","slug":"400-600-g-10-kg-maquereau-sauvage-surgele-emballe-en-couches-sans-additifs-norvege","status":"publish","type":"product","link":"https:\/\/lagoonseafood.com\/fr\/produit\/400-600-g-10-kg-maquereau-sauvage-surgele-emballe-en-couches-sans-additifs-norvege\/","title":{"rendered":"400\/600 g, 10 kg Maquereau sauvage, surgel\u00e9, emball\u00e9 en couches, sans additifs, Norv\u00e8ge"},"content":{"rendered":"<p>D\u00e9couvrez la richesse c\u00f4ti\u00e8re de la Norv\u00e8ge avec notre maquereau sauvage surgel\u00e9, soigneusement emball\u00e9 en couches et provenant des eaux pures du nord de l&rsquo;Atlantique. Chaque maquereau est m\u00e9ticuleusement emball\u00e9 pour pr\u00e9server sa fra\u00eecheur et sa saveur. \u00c9levez votre voyage culinaire gr\u00e2ce \u00e0 la qualit\u00e9 sup\u00e9rieure et au go\u00fbt authentique du maquereau sauvage, pr\u00eat \u00e0 infuser vos plats avec l&rsquo;essence du patrimoine maritime de la Norv\u00e8ge.<\/p>\n","protected":false},"excerpt":{"rendered":"<p>59030<\/p>\n","protected":false},"author":2,"featured_media":3049,"parent":0,"template":"","meta":{"_acf_changed":false,"inline_featured_image":false},"product-category":[114],"state":[124],"specie":[87],"brand":[72],"new-arrival":[],"segment":[125],"class_list":["post-2040","product","type-product","status-publish","has-post-thumbnail","hentry","product-category-pelagique","state-surgele","specie-maquereau","brand-blue-tide-fr","segment-service-alimentaire"],"acf":[],"_links":{"self":[{"href":"https:\/\/lagoonseafood.com\/fr\/wp-json\/wp\/v2\/product\/2040","targetHints":{"allow":["GET"]}}],"collection":[{"href":"https:\/\/lagoonseafood.com\/fr\/wp-json\/wp\/v2\/product"}],"about":[{"href":"https:\/\/lagoonseafood.com\/fr\/wp-json\/wp\/v2\/types\/product"}],"author":[{"embeddable":true,"href":"https:\/\/lagoonseafood.com\/fr\/wp-json\/wp\/v2\/users\/2"}],"version-history":[{"count":1,"href":"https:\/\/lagoonseafood.com\/fr\/wp-json\/wp\/v2\/product\/2040\/revisions"}],"predecessor-version":[{"id":2138,"href":"https:\/\/lagoonseafood.com\/fr\/wp-json\/wp\/v2\/product\/2040\/revisions\/2138"}],"wp:featuredmedia":[{"embeddable":true,"href":"https:\/\/lagoonseafood.com\/fr\/wp-json\/wp\/v2\/media\/3049"}],"wp:attachment":[{"href":"https:\/\/lagoonseafood.com\/fr\/wp-json\/wp\/v2\/media?parent=2040"}],"wp:term":[{"taxonomy":"product-category","embeddable":true,"href":"https:\/\/lagoonseafood.com\/fr\/wp-json\/wp\/v2\/product-category?post=2040"},{"taxonomy":"state","embeddable":true,"href":"https:\/\/lagoonseafood.com\/fr\/wp-json\/wp\/v2\/state?post=2040"},{"taxonomy":"specie","embeddable":true,"href":"https:\/\/lagoonseafood.com\/fr\/wp-json\/wp\/v2\/specie?post=2040"},{"taxonomy":"brand","embeddable":true,"href":"https:\/\/lagoonseafood.com\/fr\/wp-json\/wp\/v2\/brand?post=2040"},{"taxonomy":"new-arrival","embeddable":true,"href":"https:\/\/lagoonseafood.com\/fr\/wp-json\/wp\/v2\/new-arrival?post=2040"},{"taxonomy":"segment","embeddable":true,"href":"https:\/\/lagoonseafood.com\/fr\/wp-json\/wp\/v2\/segment?post=2040"}],"curies":[{"name":"wp","href":"https:\/\/api.w.org\/{rel}","templated":true}]}}