{"id":2065,"date":"2024-07-18T10:41:31","date_gmt":"2024-07-18T14:41:31","guid":{"rendered":"https:\/\/lagoonseafood.com\/product\/4-7-oz-5-x-907-g-portion-de-plie-a-grande-bouche-sauvage-surgelee-conditionnee-sous-vide-individuellement-msc-chine\/"},"modified":"2024-08-07T13:40:36","modified_gmt":"2024-08-07T17:40:36","slug":"4-7-oz-5-x-907-g-portion-de-plie-a-grande-bouche-sauvage-surgelee-conditionnee-sous-vide-individuellement-msc-chine","status":"publish","type":"product","link":"https:\/\/lagoonseafood.com\/fr\/produit\/4-7-oz-5-x-907-g-portion-de-plie-a-grande-bouche-sauvage-surgelee-conditionnee-sous-vide-individuellement-msc-chine\/","title":{"rendered":"4\/7 oz, 5 x 907 g Portion de plie \u00e0 grande bouche sauvage, surgel\u00e9e, conditionn\u00e9e sous vide individuellement, MSC, Chine"},"content":{"rendered":"<p>D\u00e9couvrez la qualit\u00e9 in\u00e9gal\u00e9e de nos portions de plie \u00e0 grande bouche sauvage ATP surgel\u00e9es, provenant de mani\u00e8re responsable des eaux c\u00f4ti\u00e8res de la Chine et certifi\u00e9es par le MSC pour leur durabilit\u00e9. Chaque portion est conditionn\u00e9e sous vide s\u00e9par\u00e9ment pour garantir la fra\u00eecheur et l&rsquo;int\u00e9grit\u00e9 des saveurs. Rehaussez vos cr\u00e9ations culinaires gr\u00e2ce au go\u00fbt sup\u00e9rieur et la certification \u00e9thique du MSC de notre plie \u00e0 grande bouche, id\u00e9ale pour cr\u00e9er des plats gastronomiques en toute simplicit\u00e9.<\/p>\n","protected":false},"excerpt":{"rendered":"<p>39014<\/p>\n","protected":false},"author":2,"featured_media":3271,"parent":0,"template":"","meta":{"_acf_changed":false,"inline_featured_image":false},"product-category":[116],"state":[124],"specie":[77],"brand":[72],"new-arrival":[],"segment":[126],"class_list":["post-2065","product","type-product","status-publish","has-post-thumbnail","hentry","product-category-filets-de-poisson-blanc","state-surgele","specie-plie-a-grande-bouche","brand-blue-tide-fr","segment-vente-au-detail"],"acf":[],"_links":{"self":[{"href":"https:\/\/lagoonseafood.com\/fr\/wp-json\/wp\/v2\/product\/2065","targetHints":{"allow":["GET"]}}],"collection":[{"href":"https:\/\/lagoonseafood.com\/fr\/wp-json\/wp\/v2\/product"}],"about":[{"href":"https:\/\/lagoonseafood.com\/fr\/wp-json\/wp\/v2\/types\/product"}],"author":[{"embeddable":true,"href":"https:\/\/lagoonseafood.com\/fr\/wp-json\/wp\/v2\/users\/2"}],"version-history":[{"count":1,"href":"https:\/\/lagoonseafood.com\/fr\/wp-json\/wp\/v2\/product\/2065\/revisions"}],"predecessor-version":[{"id":4611,"href":"https:\/\/lagoonseafood.com\/fr\/wp-json\/wp\/v2\/product\/2065\/revisions\/4611"}],"wp:featuredmedia":[{"embeddable":true,"href":"https:\/\/lagoonseafood.com\/fr\/wp-json\/wp\/v2\/media\/3271"}],"wp:attachment":[{"href":"https:\/\/lagoonseafood.com\/fr\/wp-json\/wp\/v2\/media?parent=2065"}],"wp:term":[{"taxonomy":"product-category","embeddable":true,"href":"https:\/\/lagoonseafood.com\/fr\/wp-json\/wp\/v2\/product-category?post=2065"},{"taxonomy":"state","embeddable":true,"href":"https:\/\/lagoonseafood.com\/fr\/wp-json\/wp\/v2\/state?post=2065"},{"taxonomy":"specie","embeddable":true,"href":"https:\/\/lagoonseafood.com\/fr\/wp-json\/wp\/v2\/specie?post=2065"},{"taxonomy":"brand","embeddable":true,"href":"https:\/\/lagoonseafood.com\/fr\/wp-json\/wp\/v2\/brand?post=2065"},{"taxonomy":"new-arrival","embeddable":true,"href":"https:\/\/lagoonseafood.com\/fr\/wp-json\/wp\/v2\/new-arrival?post=2065"},{"taxonomy":"segment","embeddable":true,"href":"https:\/\/lagoonseafood.com\/fr\/wp-json\/wp\/v2\/segment?post=2065"}],"curies":[{"name":"wp","href":"https:\/\/api.w.org\/{rel}","templated":true}]}}