{"id":2075,"date":"2024-07-18T10:41:31","date_gmt":"2024-07-18T14:41:31","guid":{"rendered":"https:\/\/lagoonseafood.com\/product\/t5-6-kg-tentacules-de-poulpe-sauvage-surgeles-individuellement-maroc\/"},"modified":"2024-08-07T13:10:35","modified_gmt":"2024-08-07T17:10:35","slug":"t5-6-kg-tentacules-de-poulpe-sauvage-surgeles-individuellement-maroc","status":"publish","type":"product","link":"https:\/\/lagoonseafood.com\/fr\/produit\/t5-6-kg-tentacules-de-poulpe-sauvage-surgeles-individuellement-maroc\/","title":{"rendered":"T5, 6 kg Tentacules de poulpe sauvage, surgel\u00e9s individuellement, Maroc"},"content":{"rendered":"<p>Plongez-vous dans le charme de l&rsquo;oc\u00e9an avec nos tentacules de poulpe sauvage surgel\u00e9s, r\u00e9colt\u00e9s des eaux intactes du Maroc. Chaque tentacule, surgel\u00e9 s\u00e9par\u00e9ment (S.S.), incarne la beaut\u00e9 sauvage et la succulence de la mer. Qu&rsquo;il soit grill\u00e9 \u00e0 la perfection ou ajout\u00e9 \u00e0 votre cr\u00e9ation de fruits de mer pr\u00e9f\u00e9r\u00e9e, nos tentacules de poulpe promettent une aventure culinaire aussi captivante que d\u00e9licieuse.<\/p>\n","protected":false},"excerpt":{"rendered":"<p>69043<\/p>\n","protected":false},"author":2,"featured_media":3358,"parent":0,"template":"","meta":{"_acf_changed":false,"inline_featured_image":false},"product-category":[111],"state":[124],"specie":[89],"brand":[72],"new-arrival":[],"segment":[125],"class_list":["post-2075","product","type-product","status-publish","has-post-thumbnail","hentry","product-category-cephalopode","state-surgele","specie-poulpes","brand-blue-tide-fr","segment-service-alimentaire"],"acf":[],"_links":{"self":[{"href":"https:\/\/lagoonseafood.com\/fr\/wp-json\/wp\/v2\/product\/2075","targetHints":{"allow":["GET"]}}],"collection":[{"href":"https:\/\/lagoonseafood.com\/fr\/wp-json\/wp\/v2\/product"}],"about":[{"href":"https:\/\/lagoonseafood.com\/fr\/wp-json\/wp\/v2\/types\/product"}],"author":[{"embeddable":true,"href":"https:\/\/lagoonseafood.com\/fr\/wp-json\/wp\/v2\/users\/2"}],"version-history":[{"count":1,"href":"https:\/\/lagoonseafood.com\/fr\/wp-json\/wp\/v2\/product\/2075\/revisions"}],"predecessor-version":[{"id":4567,"href":"https:\/\/lagoonseafood.com\/fr\/wp-json\/wp\/v2\/product\/2075\/revisions\/4567"}],"wp:featuredmedia":[{"embeddable":true,"href":"https:\/\/lagoonseafood.com\/fr\/wp-json\/wp\/v2\/media\/3358"}],"wp:attachment":[{"href":"https:\/\/lagoonseafood.com\/fr\/wp-json\/wp\/v2\/media?parent=2075"}],"wp:term":[{"taxonomy":"product-category","embeddable":true,"href":"https:\/\/lagoonseafood.com\/fr\/wp-json\/wp\/v2\/product-category?post=2075"},{"taxonomy":"state","embeddable":true,"href":"https:\/\/lagoonseafood.com\/fr\/wp-json\/wp\/v2\/state?post=2075"},{"taxonomy":"specie","embeddable":true,"href":"https:\/\/lagoonseafood.com\/fr\/wp-json\/wp\/v2\/specie?post=2075"},{"taxonomy":"brand","embeddable":true,"href":"https:\/\/lagoonseafood.com\/fr\/wp-json\/wp\/v2\/brand?post=2075"},{"taxonomy":"new-arrival","embeddable":true,"href":"https:\/\/lagoonseafood.com\/fr\/wp-json\/wp\/v2\/new-arrival?post=2075"},{"taxonomy":"segment","embeddable":true,"href":"https:\/\/lagoonseafood.com\/fr\/wp-json\/wp\/v2\/segment?post=2075"}],"curies":[{"name":"wp","href":"https:\/\/api.w.org\/{rel}","templated":true}]}}