{"id":2076,"date":"2024-07-18T10:41:31","date_gmt":"2024-07-18T14:41:31","guid":{"rendered":"https:\/\/lagoonseafood.com\/product\/4-oz-454-kg-portion-de-saumon-rose-sauvage-surgelee-conditionnee-sous-vide-msc-chine\/"},"modified":"2024-08-07T13:42:27","modified_gmt":"2024-08-07T17:42:27","slug":"4-oz-454-kg-portion-de-saumon-rose-sauvage-surgelee-conditionnee-sous-vide-msc-chine","status":"publish","type":"product","link":"https:\/\/lagoonseafood.com\/fr\/produit\/4-oz-454-kg-portion-de-saumon-rose-sauvage-surgelee-conditionnee-sous-vide-msc-chine\/","title":{"rendered":"4 oz, 4,54 kg Portion de saumon rose sauvage, surgel\u00e9e, conditionn\u00e9e sous vide, MSC, Chine"},"content":{"rendered":"<p>Plongez dans un voyage de d\u00e9lice culinaire avec nos portions de saumon rose sauvage surgel\u00e9es provenant des eaux pures de la Chine. Chaque portion, pr\u00e9par\u00e9e avec soin,  incarne la puret\u00e9 et la richesse de l&rsquo;oc\u00e9an. Emball\u00e9 sous vide pour une fra\u00eecheur ultime et certifi\u00e9 MSC pour la durabilit\u00e9, notre saumon promet une exp\u00e9rience gastronomique \u00e0 la fois exquise et respectueuse de l&rsquo;environnement, alors que chaque bouch\u00e9e constitue un hommage \u00e0 la splendeur de la nature.<\/p>\n","protected":false},"excerpt":{"rendered":"<p>84305<\/p>\n","protected":false},"author":2,"featured_media":3365,"parent":0,"template":"","meta":{"_acf_changed":false,"inline_featured_image":false},"product-category":[120],"state":[124],"specie":[91],"brand":[72],"new-arrival":[],"segment":[125],"class_list":["post-2076","product","type-product","status-publish","has-post-thumbnail","hentry","product-category-saumon-truite","state-surgele","specie-saumon","brand-blue-tide-fr","segment-service-alimentaire"],"acf":[],"_links":{"self":[{"href":"https:\/\/lagoonseafood.com\/fr\/wp-json\/wp\/v2\/product\/2076","targetHints":{"allow":["GET"]}}],"collection":[{"href":"https:\/\/lagoonseafood.com\/fr\/wp-json\/wp\/v2\/product"}],"about":[{"href":"https:\/\/lagoonseafood.com\/fr\/wp-json\/wp\/v2\/types\/product"}],"author":[{"embeddable":true,"href":"https:\/\/lagoonseafood.com\/fr\/wp-json\/wp\/v2\/users\/2"}],"version-history":[{"count":1,"href":"https:\/\/lagoonseafood.com\/fr\/wp-json\/wp\/v2\/product\/2076\/revisions"}],"predecessor-version":[{"id":4620,"href":"https:\/\/lagoonseafood.com\/fr\/wp-json\/wp\/v2\/product\/2076\/revisions\/4620"}],"wp:featuredmedia":[{"embeddable":true,"href":"https:\/\/lagoonseafood.com\/fr\/wp-json\/wp\/v2\/media\/3365"}],"wp:attachment":[{"href":"https:\/\/lagoonseafood.com\/fr\/wp-json\/wp\/v2\/media?parent=2076"}],"wp:term":[{"taxonomy":"product-category","embeddable":true,"href":"https:\/\/lagoonseafood.com\/fr\/wp-json\/wp\/v2\/product-category?post=2076"},{"taxonomy":"state","embeddable":true,"href":"https:\/\/lagoonseafood.com\/fr\/wp-json\/wp\/v2\/state?post=2076"},{"taxonomy":"specie","embeddable":true,"href":"https:\/\/lagoonseafood.com\/fr\/wp-json\/wp\/v2\/specie?post=2076"},{"taxonomy":"brand","embeddable":true,"href":"https:\/\/lagoonseafood.com\/fr\/wp-json\/wp\/v2\/brand?post=2076"},{"taxonomy":"new-arrival","embeddable":true,"href":"https:\/\/lagoonseafood.com\/fr\/wp-json\/wp\/v2\/new-arrival?post=2076"},{"taxonomy":"segment","embeddable":true,"href":"https:\/\/lagoonseafood.com\/fr\/wp-json\/wp\/v2\/segment?post=2076"}],"curies":[{"name":"wp","href":"https:\/\/api.w.org\/{rel}","templated":true}]}}