{"id":2078,"date":"2024-07-18T10:41:31","date_gmt":"2024-07-18T14:41:31","guid":{"rendered":"https:\/\/lagoonseafood.com\/product\/7-10-g-454-kg-cubes-de-saumon-rose-sauvage-surgeles-sans-additifs-msc-chine\/"},"modified":"2024-08-07T13:11:03","modified_gmt":"2024-08-07T17:11:03","slug":"7-10-g-454-kg-cubes-de-saumon-rose-sauvage-surgeles-sans-additifs-msc-chine","status":"publish","type":"product","link":"https:\/\/lagoonseafood.com\/fr\/produit\/7-10-g-454-kg-cubes-de-saumon-rose-sauvage-surgeles-sans-additifs-msc-chine\/","title":{"rendered":"7-10 g, 4,54 kg Cubes de saumon rose sauvage, surgel\u00e9s, sans additifs, MSC, Chine"},"content":{"rendered":"<p>Laissez-vous tenter par la splendeur oc\u00e9anique avec nos cubes de saumon rose sauvage surgel\u00e9s, soigneusement s\u00e9lectionn\u00e9s des eaux pures de la Chine. Chaque cube, exempt de produits chimiques et certifi\u00e9 MSC pour la durabilit\u00e9, incarne l&rsquo;essence m\u00eame de la mer. Qu&rsquo;ils soient ajout\u00e9s \u00e0 des salades, des plats de p\u00e2tes, ou grill\u00e9s \u00e0 la perfection, nos cubes de saumon promettent une exp\u00e9rience culinaire \u00e0 la fois sans culpabilit\u00e9 et pleine de saveur, alors que chaque bouch\u00e9e devient une c\u00e9l\u00e9bration de la richesse de la nature.<\/p>\n","protected":false},"excerpt":{"rendered":"<p>84307<\/p>\n","protected":false},"author":2,"featured_media":3380,"parent":0,"template":"","meta":{"_acf_changed":false,"inline_featured_image":false},"product-category":[120],"state":[124],"specie":[91],"brand":[72],"new-arrival":[],"segment":[125],"class_list":["post-2078","product","type-product","status-publish","has-post-thumbnail","hentry","product-category-saumon-truite","state-surgele","specie-saumon","brand-blue-tide-fr","segment-service-alimentaire"],"acf":[],"_links":{"self":[{"href":"https:\/\/lagoonseafood.com\/fr\/wp-json\/wp\/v2\/product\/2078","targetHints":{"allow":["GET"]}}],"collection":[{"href":"https:\/\/lagoonseafood.com\/fr\/wp-json\/wp\/v2\/product"}],"about":[{"href":"https:\/\/lagoonseafood.com\/fr\/wp-json\/wp\/v2\/types\/product"}],"author":[{"embeddable":true,"href":"https:\/\/lagoonseafood.com\/fr\/wp-json\/wp\/v2\/users\/2"}],"version-history":[{"count":1,"href":"https:\/\/lagoonseafood.com\/fr\/wp-json\/wp\/v2\/product\/2078\/revisions"}],"predecessor-version":[{"id":4575,"href":"https:\/\/lagoonseafood.com\/fr\/wp-json\/wp\/v2\/product\/2078\/revisions\/4575"}],"wp:featuredmedia":[{"embeddable":true,"href":"https:\/\/lagoonseafood.com\/fr\/wp-json\/wp\/v2\/media\/3380"}],"wp:attachment":[{"href":"https:\/\/lagoonseafood.com\/fr\/wp-json\/wp\/v2\/media?parent=2078"}],"wp:term":[{"taxonomy":"product-category","embeddable":true,"href":"https:\/\/lagoonseafood.com\/fr\/wp-json\/wp\/v2\/product-category?post=2078"},{"taxonomy":"state","embeddable":true,"href":"https:\/\/lagoonseafood.com\/fr\/wp-json\/wp\/v2\/state?post=2078"},{"taxonomy":"specie","embeddable":true,"href":"https:\/\/lagoonseafood.com\/fr\/wp-json\/wp\/v2\/specie?post=2078"},{"taxonomy":"brand","embeddable":true,"href":"https:\/\/lagoonseafood.com\/fr\/wp-json\/wp\/v2\/brand?post=2078"},{"taxonomy":"new-arrival","embeddable":true,"href":"https:\/\/lagoonseafood.com\/fr\/wp-json\/wp\/v2\/new-arrival?post=2078"},{"taxonomy":"segment","embeddable":true,"href":"https:\/\/lagoonseafood.com\/fr\/wp-json\/wp\/v2\/segment?post=2078"}],"curies":[{"name":"wp","href":"https:\/\/api.w.org\/{rel}","templated":true}]}}