{"id":2083,"date":"2024-07-18T10:41:33","date_gmt":"2024-07-18T14:41:33","guid":{"rendered":"https:\/\/lagoonseafood.com\/product\/15-x-454-g-flocons-de-surimi-de-crabe-sauvage-surgeles-thailande\/"},"modified":"2024-08-12T15:19:41","modified_gmt":"2024-08-12T19:19:41","slug":"15-x-454-g-flocons-de-surimi-de-crabe-sauvage-surgeles-thailande","status":"publish","type":"product","link":"https:\/\/lagoonseafood.com\/fr\/produit\/15-x-454-g-flocons-de-surimi-de-crabe-sauvage-surgeles-thailande\/","title":{"rendered":"15 x 454 g Flocons de surimi de crabe sauvage, surgel\u00e9s, Tha\u00eflande"},"content":{"rendered":"<p>R\u00e9galez-vous du go\u00fbt exquis de l&rsquo;oc\u00e9an avec nos flocons de surimi de crabe sauvage surgel\u00e9s, fabriqu\u00e9s \u00e0 partir des eaux pures de la Tha\u00eflande. Chaque flocon, pr\u00e9par\u00e9 avec minutie \u00e0 partir de crabe sauvage, capture l&rsquo;essence du luxe des fruits de mer. Qu&rsquo;ils soient utilis\u00e9s pour cr\u00e9er de succulents beignets de crabe, des trempettes savoureuses ou des rouleaux de sushi envo\u00fbtants, nos flocons de surimi promettent une aventure culinaire \u00e0 la fois polyvalente et irr\u00e9sistiblement d\u00e9licieuse, \u00e9levant chaque plat gr\u00e2ce \u00e0 la saveur authentique de la mer.<\/p>\n","protected":false},"excerpt":{"rendered":"<p>120004<\/p>\n","protected":false},"author":2,"featured_media":3415,"parent":0,"template":"","meta":{"_acf_changed":false,"inline_featured_image":false},"product-category":[129],"state":[124],"specie":[103],"brand":[72],"new-arrival":[],"segment":[126],"class_list":["post-2083","product","type-product","status-publish","has-post-thumbnail","hentry","product-category-divers","state-surgele","specie-surimi-imitation-de-crabe","brand-blue-tide-fr","segment-vente-au-detail"],"acf":[],"_links":{"self":[{"href":"https:\/\/lagoonseafood.com\/fr\/wp-json\/wp\/v2\/product\/2083","targetHints":{"allow":["GET"]}}],"collection":[{"href":"https:\/\/lagoonseafood.com\/fr\/wp-json\/wp\/v2\/product"}],"about":[{"href":"https:\/\/lagoonseafood.com\/fr\/wp-json\/wp\/v2\/types\/product"}],"author":[{"embeddable":true,"href":"https:\/\/lagoonseafood.com\/fr\/wp-json\/wp\/v2\/users\/2"}],"version-history":[{"count":1,"href":"https:\/\/lagoonseafood.com\/fr\/wp-json\/wp\/v2\/product\/2083\/revisions"}],"predecessor-version":[{"id":4215,"href":"https:\/\/lagoonseafood.com\/fr\/wp-json\/wp\/v2\/product\/2083\/revisions\/4215"}],"wp:featuredmedia":[{"embeddable":true,"href":"https:\/\/lagoonseafood.com\/fr\/wp-json\/wp\/v2\/media\/3415"}],"wp:attachment":[{"href":"https:\/\/lagoonseafood.com\/fr\/wp-json\/wp\/v2\/media?parent=2083"}],"wp:term":[{"taxonomy":"product-category","embeddable":true,"href":"https:\/\/lagoonseafood.com\/fr\/wp-json\/wp\/v2\/product-category?post=2083"},{"taxonomy":"state","embeddable":true,"href":"https:\/\/lagoonseafood.com\/fr\/wp-json\/wp\/v2\/state?post=2083"},{"taxonomy":"specie","embeddable":true,"href":"https:\/\/lagoonseafood.com\/fr\/wp-json\/wp\/v2\/specie?post=2083"},{"taxonomy":"brand","embeddable":true,"href":"https:\/\/lagoonseafood.com\/fr\/wp-json\/wp\/v2\/brand?post=2083"},{"taxonomy":"new-arrival","embeddable":true,"href":"https:\/\/lagoonseafood.com\/fr\/wp-json\/wp\/v2\/new-arrival?post=2083"},{"taxonomy":"segment","embeddable":true,"href":"https:\/\/lagoonseafood.com\/fr\/wp-json\/wp\/v2\/segment?post=2083"}],"curies":[{"name":"wp","href":"https:\/\/api.w.org\/{rel}","templated":true}]}}