{"id":2085,"date":"2024-07-18T10:41:33","date_gmt":"2024-07-18T14:41:33","guid":{"rendered":"https:\/\/lagoonseafood.com\/product\/12-x-113-kg-rape-de-surimi-de-crabe-sauvage-surgeles-thailande\/"},"modified":"2024-08-07T12:49:23","modified_gmt":"2024-08-07T16:49:23","slug":"12-x-113-kg-rape-de-surimi-de-crabe-sauvage-surgeles-thailande","status":"publish","type":"product","link":"https:\/\/lagoonseafood.com\/fr\/produit\/12-x-113-kg-rape-de-surimi-de-crabe-sauvage-surgeles-thailande\/","title":{"rendered":"12 x 1,13 kg R\u00e2p\u00e9 de surimi de crabe sauvage, surgel\u00e9s, Tha\u00eflande"},"content":{"rendered":"<p>D\u00e9couvrez le go\u00fbt luxueux de l&rsquo;oc\u00e9an avec nos miettes de surimi de crabe sauvage surgel\u00e9es, provenant des eaux pures de la Tha\u00eflande. Chaque miette d\u00e9licate, m\u00e9ticuleusement pr\u00e9par\u00e9e \u00e0 partir de crabe sauvage, incarne l&rsquo;essence de l&rsquo;\u00e9l\u00e9gance des fruits de mer. Qu&rsquo;elles soient int\u00e9gr\u00e9es \u00e0 d&rsquo;exquises salades, des rouleaux de sushi envo\u00fbtants ou des plats de p\u00e2tes savoureux, nos miettes de surimi promettent un voyage culinaire \u00e0 la fois polyvalent et irr\u00e9sistiblement d\u00e9licieux, ajoutant une touche d&rsquo;indulgence c\u00f4ti\u00e8re \u00e0 chaque bouch\u00e9e.<\/p>\n","protected":false},"excerpt":{"rendered":"<p>120007<\/p>\n","protected":false},"author":2,"featured_media":3430,"parent":0,"template":"","meta":{"_acf_changed":false,"inline_featured_image":false},"product-category":[129],"state":[124],"specie":[103],"brand":[72],"new-arrival":[],"segment":[126],"class_list":["post-2085","product","type-product","status-publish","has-post-thumbnail","hentry","product-category-divers","state-surgele","specie-surimi-imitation-de-crabe","brand-blue-tide-fr","segment-vente-au-detail"],"acf":[],"_links":{"self":[{"href":"https:\/\/lagoonseafood.com\/fr\/wp-json\/wp\/v2\/product\/2085","targetHints":{"allow":["GET"]}}],"collection":[{"href":"https:\/\/lagoonseafood.com\/fr\/wp-json\/wp\/v2\/product"}],"about":[{"href":"https:\/\/lagoonseafood.com\/fr\/wp-json\/wp\/v2\/types\/product"}],"author":[{"embeddable":true,"href":"https:\/\/lagoonseafood.com\/fr\/wp-json\/wp\/v2\/users\/2"}],"version-history":[{"count":1,"href":"https:\/\/lagoonseafood.com\/fr\/wp-json\/wp\/v2\/product\/2085\/revisions"}],"predecessor-version":[{"id":4515,"href":"https:\/\/lagoonseafood.com\/fr\/wp-json\/wp\/v2\/product\/2085\/revisions\/4515"}],"wp:featuredmedia":[{"embeddable":true,"href":"https:\/\/lagoonseafood.com\/fr\/wp-json\/wp\/v2\/media\/3430"}],"wp:attachment":[{"href":"https:\/\/lagoonseafood.com\/fr\/wp-json\/wp\/v2\/media?parent=2085"}],"wp:term":[{"taxonomy":"product-category","embeddable":true,"href":"https:\/\/lagoonseafood.com\/fr\/wp-json\/wp\/v2\/product-category?post=2085"},{"taxonomy":"state","embeddable":true,"href":"https:\/\/lagoonseafood.com\/fr\/wp-json\/wp\/v2\/state?post=2085"},{"taxonomy":"specie","embeddable":true,"href":"https:\/\/lagoonseafood.com\/fr\/wp-json\/wp\/v2\/specie?post=2085"},{"taxonomy":"brand","embeddable":true,"href":"https:\/\/lagoonseafood.com\/fr\/wp-json\/wp\/v2\/brand?post=2085"},{"taxonomy":"new-arrival","embeddable":true,"href":"https:\/\/lagoonseafood.com\/fr\/wp-json\/wp\/v2\/new-arrival?post=2085"},{"taxonomy":"segment","embeddable":true,"href":"https:\/\/lagoonseafood.com\/fr\/wp-json\/wp\/v2\/segment?post=2085"}],"curies":[{"name":"wp","href":"https:\/\/api.w.org\/{rel}","templated":true}]}}