{"id":5353,"date":"2024-08-13T10:27:15","date_gmt":"2024-08-13T14:27:15","guid":{"rendered":"https:\/\/lagoonseafood.com\/product\/10-x-454-g-cubes-de-tartare-de-saumon-atlantique-delevage-surgeles-canada\/"},"modified":"2024-09-20T17:30:11","modified_gmt":"2024-09-20T21:30:11","slug":"10-x-454-g-cubes-de-tartare-de-saumon-atlantique-delevage-surgeles-canada","status":"publish","type":"product","link":"https:\/\/lagoonseafood.com\/fr\/produit\/10-x-454-g-cubes-de-tartare-de-saumon-atlantique-delevage-surgeles-canada\/","title":{"rendered":"10 x 454 g Cubes de Tartare de Saumon Atlantique d&rsquo;\u00e9levage Surgel\u00e9s, Canada"},"content":{"rendered":"<p>D\u00e9gustez nos Cubes de Tartare de Saumon Atlantique d\u2019\u00c9levage surgel\u00e9s,\u00a0transform\u00e9 au Canada. Ces cubes de saumon de premi\u00e8re qualit\u00e9 sont congel\u00e9s \u00e0 la perfection pour garantir une texture fra\u00eeche et une saveur d\u00e9licate, id\u00e9ale pour pr\u00e9parer des tartares raffin\u00e9s ou ajouter une touche de luxe \u00e0 vos plats. Profitez de la commodit\u00e9 et de la qualit\u00e9 sup\u00e9rieure de ces cubes de saumon, pr\u00eats \u00e0 rehausser vos cr\u00e9ations culinaires.<\/p>\n","protected":false},"excerpt":{"rendered":"<p>84257<\/p>\n","protected":false},"author":2,"featured_media":5487,"parent":0,"template":"","meta":{"_acf_changed":false,"inline_featured_image":false},"product-category":[122],"state":[124],"specie":[91],"brand":[72],"new-arrival":[],"segment":[128],"class_list":["post-5353","product","type-product","status-publish","has-post-thumbnail","hentry","product-category-produit-a-valeur-ajoutee","state-surgele","specie-saumon","brand-blue-tide-fr","segment-produits-a-valeur-ajoutee"],"acf":[],"_links":{"self":[{"href":"https:\/\/lagoonseafood.com\/fr\/wp-json\/wp\/v2\/product\/5353","targetHints":{"allow":["GET"]}}],"collection":[{"href":"https:\/\/lagoonseafood.com\/fr\/wp-json\/wp\/v2\/product"}],"about":[{"href":"https:\/\/lagoonseafood.com\/fr\/wp-json\/wp\/v2\/types\/product"}],"author":[{"embeddable":true,"href":"https:\/\/lagoonseafood.com\/fr\/wp-json\/wp\/v2\/users\/2"}],"version-history":[{"count":2,"href":"https:\/\/lagoonseafood.com\/fr\/wp-json\/wp\/v2\/product\/5353\/revisions"}],"predecessor-version":[{"id":6884,"href":"https:\/\/lagoonseafood.com\/fr\/wp-json\/wp\/v2\/product\/5353\/revisions\/6884"}],"wp:featuredmedia":[{"embeddable":true,"href":"https:\/\/lagoonseafood.com\/fr\/wp-json\/wp\/v2\/media\/5487"}],"wp:attachment":[{"href":"https:\/\/lagoonseafood.com\/fr\/wp-json\/wp\/v2\/media?parent=5353"}],"wp:term":[{"taxonomy":"product-category","embeddable":true,"href":"https:\/\/lagoonseafood.com\/fr\/wp-json\/wp\/v2\/product-category?post=5353"},{"taxonomy":"state","embeddable":true,"href":"https:\/\/lagoonseafood.com\/fr\/wp-json\/wp\/v2\/state?post=5353"},{"taxonomy":"specie","embeddable":true,"href":"https:\/\/lagoonseafood.com\/fr\/wp-json\/wp\/v2\/specie?post=5353"},{"taxonomy":"brand","embeddable":true,"href":"https:\/\/lagoonseafood.com\/fr\/wp-json\/wp\/v2\/brand?post=5353"},{"taxonomy":"new-arrival","embeddable":true,"href":"https:\/\/lagoonseafood.com\/fr\/wp-json\/wp\/v2\/new-arrival?post=5353"},{"taxonomy":"segment","embeddable":true,"href":"https:\/\/lagoonseafood.com\/fr\/wp-json\/wp\/v2\/segment?post=5353"}],"curies":[{"name":"wp","href":"https:\/\/api.w.org\/{rel}","templated":true}]}}