{"id":6680,"date":"2024-09-17T13:13:56","date_gmt":"2024-09-17T17:13:56","guid":{"rendered":"https:\/\/lagoonseafood.com\/product\/20-x-2-x-100-g-poke-de-thon-sauvage-assaisonne-msc-surgele-canada\/"},"modified":"2024-09-20T16:53:25","modified_gmt":"2024-09-20T20:53:25","slug":"20-x-2-x-100-g-poke-de-thon-sauvage-assaisonne-msc-surgele-canada","status":"publish","type":"product","link":"https:\/\/lagoonseafood.com\/fr\/produit\/20-x-2-x-100-g-poke-de-thon-sauvage-assaisonne-msc-surgele-canada\/","title":{"rendered":"20 x 2 x 100 g Poke de Thon Sauvage assaisonn\u00e9, MSC, Surgel\u00e9, Canada"},"content":{"rendered":"<p>Savourez les riches saveurs de nos Cubes de Thon Sauvage Assaisonn\u00e9s Surgel\u00e9s, issus de sources durables dans des eaux certifi\u00e9es MSC, transform\u00e9 au Canada. Chaque cube tendre est minutieusement marin\u00e9 pour sublimer le go\u00fbt naturel et audacieux du thon, offrant un \u00e9quilibre parfait entre saveurs sal\u00e9es et fra\u00eeches. Id\u00e9aux pour des poke bowls ou des salades gastronomiques, ces cubes premium capturent l&rsquo;essence du thon sauvage \u00e0 chaque bouch\u00e9e, alliant commodit\u00e9 et standards de qualit\u00e9 les plus \u00e9lev\u00e9s.<\/p>\n","protected":false},"excerpt":{"rendered":"<p>107084<\/p>\n","protected":false},"author":2,"featured_media":7786,"parent":0,"template":"","meta":{"_acf_changed":false,"inline_featured_image":false},"product-category":[122],"state":[124],"specie":[110],"brand":[72],"new-arrival":[],"segment":[128],"class_list":["post-6680","product","type-product","status-publish","has-post-thumbnail","hentry","product-category-produit-a-valeur-ajoutee","state-surgele","specie-thon","brand-blue-tide-fr","segment-produits-a-valeur-ajoutee"],"acf":[],"_links":{"self":[{"href":"https:\/\/lagoonseafood.com\/fr\/wp-json\/wp\/v2\/product\/6680","targetHints":{"allow":["GET"]}}],"collection":[{"href":"https:\/\/lagoonseafood.com\/fr\/wp-json\/wp\/v2\/product"}],"about":[{"href":"https:\/\/lagoonseafood.com\/fr\/wp-json\/wp\/v2\/types\/product"}],"author":[{"embeddable":true,"href":"https:\/\/lagoonseafood.com\/fr\/wp-json\/wp\/v2\/users\/2"}],"version-history":[{"count":1,"href":"https:\/\/lagoonseafood.com\/fr\/wp-json\/wp\/v2\/product\/6680\/revisions"}],"predecessor-version":[{"id":6864,"href":"https:\/\/lagoonseafood.com\/fr\/wp-json\/wp\/v2\/product\/6680\/revisions\/6864"}],"wp:featuredmedia":[{"embeddable":true,"href":"https:\/\/lagoonseafood.com\/fr\/wp-json\/wp\/v2\/media\/7786"}],"wp:attachment":[{"href":"https:\/\/lagoonseafood.com\/fr\/wp-json\/wp\/v2\/media?parent=6680"}],"wp:term":[{"taxonomy":"product-category","embeddable":true,"href":"https:\/\/lagoonseafood.com\/fr\/wp-json\/wp\/v2\/product-category?post=6680"},{"taxonomy":"state","embeddable":true,"href":"https:\/\/lagoonseafood.com\/fr\/wp-json\/wp\/v2\/state?post=6680"},{"taxonomy":"specie","embeddable":true,"href":"https:\/\/lagoonseafood.com\/fr\/wp-json\/wp\/v2\/specie?post=6680"},{"taxonomy":"brand","embeddable":true,"href":"https:\/\/lagoonseafood.com\/fr\/wp-json\/wp\/v2\/brand?post=6680"},{"taxonomy":"new-arrival","embeddable":true,"href":"https:\/\/lagoonseafood.com\/fr\/wp-json\/wp\/v2\/new-arrival?post=6680"},{"taxonomy":"segment","embeddable":true,"href":"https:\/\/lagoonseafood.com\/fr\/wp-json\/wp\/v2\/segment?post=6680"}],"curies":[{"name":"wp","href":"https:\/\/api.w.org\/{rel}","templated":true}]}}