{"id":7138,"date":"2024-11-15T11:26:06","date_gmt":"2024-11-15T15:26:06","guid":{"rendered":"https:\/\/lagoonseafood.com\/product\/91-110-20-x-454-g-crevettes-blanches-delevage-decortiquees-et-deveinees-sans-queue-cuites-surgelees-inde\/"},"modified":"2024-11-15T11:28:27","modified_gmt":"2024-11-15T15:28:27","slug":"91-110-20-x-454-g-crevettes-blanches-delevage-decortiquees-et-deveinees-sans-queue-cuites-surgelees-inde","status":"publish","type":"product","link":"https:\/\/lagoonseafood.com\/fr\/produit\/91-110-20-x-454-g-crevettes-blanches-delevage-decortiquees-et-deveinees-sans-queue-cuites-surgelees-inde\/","title":{"rendered":"91\/110 20 x 454 g Crevettes blanches d&rsquo;\u00e9levage, d\u00e9cortiqu\u00e9es et d\u00e9vein\u00e9es, sans queue, cuites, surgel\u00e9es, Inde"},"content":{"rendered":"<p>D\u00e9couvrez la saveur d\u00e9licate et la qualit\u00e9 de nos crevettes blanches d\u2019\u00e9levage surgel\u00e9es, enti\u00e8rement cuites, d\u00e9cortiqu\u00e9es, d\u00e9vein\u00e9es et sans queue pour une commodit\u00e9 optimale. R\u00e9colt\u00e9es dans des fermes de confiance en Inde, chaque crevette est soigneusement surgel\u00e9e pour pr\u00e9server sa douceur naturelle et sa texture tendre, ce qui les rend id\u00e9ales pour des ajouts sans effort aux saut\u00e9s, aux p\u00e2tes et aux salades.<\/p>\n","protected":false},"excerpt":{"rendered":"<p>92359<\/p>\n","protected":false},"author":2,"featured_media":7393,"parent":0,"template":"","meta":{"_acf_changed":false,"inline_featured_image":false},"product-category":[117],"state":[124],"specie":[97],"brand":[72],"new-arrival":[],"segment":[126],"class_list":["post-7138","product","type-product","status-publish","has-post-thumbnail","hentry","product-category-crustace","state-surgele","specie-crevette-blanche","brand-blue-tide-fr","segment-vente-au-detail"],"acf":[],"_links":{"self":[{"href":"https:\/\/lagoonseafood.com\/fr\/wp-json\/wp\/v2\/product\/7138","targetHints":{"allow":["GET"]}}],"collection":[{"href":"https:\/\/lagoonseafood.com\/fr\/wp-json\/wp\/v2\/product"}],"about":[{"href":"https:\/\/lagoonseafood.com\/fr\/wp-json\/wp\/v2\/types\/product"}],"author":[{"embeddable":true,"href":"https:\/\/lagoonseafood.com\/fr\/wp-json\/wp\/v2\/users\/2"}],"version-history":[{"count":0,"href":"https:\/\/lagoonseafood.com\/fr\/wp-json\/wp\/v2\/product\/7138\/revisions"}],"wp:featuredmedia":[{"embeddable":true,"href":"https:\/\/lagoonseafood.com\/fr\/wp-json\/wp\/v2\/media\/7393"}],"wp:attachment":[{"href":"https:\/\/lagoonseafood.com\/fr\/wp-json\/wp\/v2\/media?parent=7138"}],"wp:term":[{"taxonomy":"product-category","embeddable":true,"href":"https:\/\/lagoonseafood.com\/fr\/wp-json\/wp\/v2\/product-category?post=7138"},{"taxonomy":"state","embeddable":true,"href":"https:\/\/lagoonseafood.com\/fr\/wp-json\/wp\/v2\/state?post=7138"},{"taxonomy":"specie","embeddable":true,"href":"https:\/\/lagoonseafood.com\/fr\/wp-json\/wp\/v2\/specie?post=7138"},{"taxonomy":"brand","embeddable":true,"href":"https:\/\/lagoonseafood.com\/fr\/wp-json\/wp\/v2\/brand?post=7138"},{"taxonomy":"new-arrival","embeddable":true,"href":"https:\/\/lagoonseafood.com\/fr\/wp-json\/wp\/v2\/new-arrival?post=7138"},{"taxonomy":"segment","embeddable":true,"href":"https:\/\/lagoonseafood.com\/fr\/wp-json\/wp\/v2\/segment?post=7138"}],"curies":[{"name":"wp","href":"https:\/\/api.w.org\/{rel}","templated":true}]}}