{"id":7145,"date":"2024-11-15T11:26:06","date_gmt":"2024-11-15T15:26:06","guid":{"rendered":"https:\/\/lagoonseafood.com\/product\/5-6-oz-454-kg-queue-de-homard-sauvage-surgelee-canada\/"},"modified":"2024-11-15T11:28:27","modified_gmt":"2024-11-15T15:28:27","slug":"5-6-oz-454-kg-queue-de-homard-sauvage-surgelee-canada","status":"publish","type":"product","link":"https:\/\/lagoonseafood.com\/fr\/produit\/5-6-oz-454-kg-queue-de-homard-sauvage-surgelee-canada\/","title":{"rendered":"5\/6 oz 4,54 kg Queue de homard sauvage, surgel\u00e9e, Canada"},"content":{"rendered":"<p>Savourez le go\u00fbt luxueux de notre queue de homard sauvage surgel\u00e9e, issue des eaux pures du Canada. Chaque queue est soigneusement s\u00e9lectionn\u00e9e et surgel\u00e9e instantan\u00e9ment pour capturer sa chair juteuse et sucr\u00e9e, garantissant une fra\u00eecheur et une saveur in\u00e9gal\u00e9es. Parfaite pour des occasions sp\u00e9ciales ou un d\u00eener somptueux \u00e0 la maison, cette queue de homard exquise transforme n&rsquo;importe quel repas en une exp\u00e9rience raffin\u00e9e, offrant un go\u00fbt des plus d\u00e9lices de l&rsquo;oc\u00e9an.<\/p>\n","protected":false},"excerpt":{"rendered":"<p>57036<\/p>\n","protected":false},"author":2,"featured_media":7456,"parent":0,"template":"","meta":{"_acf_changed":false,"inline_featured_image":false},"product-category":[117],"state":[124],"specie":[86],"brand":[72],"new-arrival":[],"segment":[125],"class_list":["post-7145","product","type-product","status-publish","has-post-thumbnail","hentry","product-category-crustace","state-surgele","specie-homard","brand-blue-tide-fr","segment-service-alimentaire"],"acf":[],"_links":{"self":[{"href":"https:\/\/lagoonseafood.com\/fr\/wp-json\/wp\/v2\/product\/7145","targetHints":{"allow":["GET"]}}],"collection":[{"href":"https:\/\/lagoonseafood.com\/fr\/wp-json\/wp\/v2\/product"}],"about":[{"href":"https:\/\/lagoonseafood.com\/fr\/wp-json\/wp\/v2\/types\/product"}],"author":[{"embeddable":true,"href":"https:\/\/lagoonseafood.com\/fr\/wp-json\/wp\/v2\/users\/2"}],"version-history":[{"count":0,"href":"https:\/\/lagoonseafood.com\/fr\/wp-json\/wp\/v2\/product\/7145\/revisions"}],"wp:featuredmedia":[{"embeddable":true,"href":"https:\/\/lagoonseafood.com\/fr\/wp-json\/wp\/v2\/media\/7456"}],"wp:attachment":[{"href":"https:\/\/lagoonseafood.com\/fr\/wp-json\/wp\/v2\/media?parent=7145"}],"wp:term":[{"taxonomy":"product-category","embeddable":true,"href":"https:\/\/lagoonseafood.com\/fr\/wp-json\/wp\/v2\/product-category?post=7145"},{"taxonomy":"state","embeddable":true,"href":"https:\/\/lagoonseafood.com\/fr\/wp-json\/wp\/v2\/state?post=7145"},{"taxonomy":"specie","embeddable":true,"href":"https:\/\/lagoonseafood.com\/fr\/wp-json\/wp\/v2\/specie?post=7145"},{"taxonomy":"brand","embeddable":true,"href":"https:\/\/lagoonseafood.com\/fr\/wp-json\/wp\/v2\/brand?post=7145"},{"taxonomy":"new-arrival","embeddable":true,"href":"https:\/\/lagoonseafood.com\/fr\/wp-json\/wp\/v2\/new-arrival?post=7145"},{"taxonomy":"segment","embeddable":true,"href":"https:\/\/lagoonseafood.com\/fr\/wp-json\/wp\/v2\/segment?post=7145"}],"curies":[{"name":"wp","href":"https:\/\/api.w.org\/{rel}","templated":true}]}}