{"id":7147,"date":"2024-11-15T11:26:06","date_gmt":"2024-11-15T15:26:06","guid":{"rendered":"https:\/\/lagoonseafood.com\/product\/6-x-907-g-chair-de-homard-sauvage-congelee-ck-cassee-canada\/"},"modified":"2024-11-15T11:28:27","modified_gmt":"2024-11-15T15:28:27","slug":"6-x-907-g-chair-de-homard-sauvage-congelee-ck-cassee-canada","status":"publish","type":"product","link":"https:\/\/lagoonseafood.com\/fr\/produit\/6-x-907-g-chair-de-homard-sauvage-congelee-ck-cassee-canada\/","title":{"rendered":"6 x 907 g Chair de Homard Sauvage Congel\u00e9e CK Cass\u00e9e, Canada"},"content":{"rendered":"<p>D\u00e9couvrez la commodit\u00e9 d\u00e9licieuse de notre chair de homard sauvage surgel\u00e9e CK cass\u00e9e, provenant des eaux pures du Canada. Chaque morceau est soigneusement cuit et surgel\u00e9 pour pr\u00e9server sa texture tendre et juteuse ainsi que sa saveur sucr\u00e9e et riche. Parfaite pour ajouter une touche de luxe \u00e0 vos plats pr\u00e9f\u00e9r\u00e9s\u2014que ce soit dans des p\u00e2tes cr\u00e9meuses, des salades de fruits de mer ou des hors-d&rsquo;\u0153uvre \u00e9l\u00e9gants\u2014cette chair de homard premium transforme chaque repas en une exp\u00e9rience gastronomique.<\/p>\n","protected":false},"excerpt":{"rendered":"<p>57137<\/p>\n","protected":false},"author":2,"featured_media":0,"parent":0,"template":"","meta":{"_acf_changed":false,"inline_featured_image":false},"product-category":[117],"state":[124],"specie":[86],"brand":[72],"new-arrival":[],"segment":[125],"class_list":["post-7147","product","type-product","status-publish","hentry","product-category-crustace","state-surgele","specie-homard","brand-blue-tide-fr","segment-service-alimentaire"],"acf":[],"_links":{"self":[{"href":"https:\/\/lagoonseafood.com\/fr\/wp-json\/wp\/v2\/product\/7147","targetHints":{"allow":["GET"]}}],"collection":[{"href":"https:\/\/lagoonseafood.com\/fr\/wp-json\/wp\/v2\/product"}],"about":[{"href":"https:\/\/lagoonseafood.com\/fr\/wp-json\/wp\/v2\/types\/product"}],"author":[{"embeddable":true,"href":"https:\/\/lagoonseafood.com\/fr\/wp-json\/wp\/v2\/users\/2"}],"version-history":[{"count":0,"href":"https:\/\/lagoonseafood.com\/fr\/wp-json\/wp\/v2\/product\/7147\/revisions"}],"wp:attachment":[{"href":"https:\/\/lagoonseafood.com\/fr\/wp-json\/wp\/v2\/media?parent=7147"}],"wp:term":[{"taxonomy":"product-category","embeddable":true,"href":"https:\/\/lagoonseafood.com\/fr\/wp-json\/wp\/v2\/product-category?post=7147"},{"taxonomy":"state","embeddable":true,"href":"https:\/\/lagoonseafood.com\/fr\/wp-json\/wp\/v2\/state?post=7147"},{"taxonomy":"specie","embeddable":true,"href":"https:\/\/lagoonseafood.com\/fr\/wp-json\/wp\/v2\/specie?post=7147"},{"taxonomy":"brand","embeddable":true,"href":"https:\/\/lagoonseafood.com\/fr\/wp-json\/wp\/v2\/brand?post=7147"},{"taxonomy":"new-arrival","embeddable":true,"href":"https:\/\/lagoonseafood.com\/fr\/wp-json\/wp\/v2\/new-arrival?post=7147"},{"taxonomy":"segment","embeddable":true,"href":"https:\/\/lagoonseafood.com\/fr\/wp-json\/wp\/v2\/segment?post=7147"}],"curies":[{"name":"wp","href":"https:\/\/api.w.org\/{rel}","templated":true}]}}